{"id":583,"date":"2016-08-30T10:26:23","date_gmt":"2016-08-30T10:26:23","guid":{"rendered":"http:\/\/banchis.com\/about-us-2\/"},"modified":"2023-11-14T13:57:29","modified_gmt":"2023-11-14T13:57:29","slug":"quienes-somos","status":"publish","type":"page","link":"https:\/\/banchis.com\/en\/quienes-somos\/","title":{"rendered":"About Us"},"content":{"rendered":"<p>[vc_row css=\u00bb.vc_custom_1477305007468{padding-top: 100px !important;}\u00bb][vc_column offset=\u00bbvc_col-lg-offset-2 vc_col-lg-8 vc_col-md-offset-0 vc_col-md-12&#8243;][insight_title separator_enable=\u00bbyes\u00bb title=\u00bb\u00bfQUI\u00c9NES SOMOS?\u00bb el_class=\u00bbtitle_content\u00bb][vc_custom_heading text=\u00bbSomos una empresa productora de alimentos, tipo snacks de pl\u00e1tano, yuca, papa y cereales. Buscamos llegar a todo el Ecuador y al Exterior con productos deliciosos, saludables, cien por ciento ecuatorianos y que aporten a una buena nutrici\u00f3n.\u00bb font_container=\u00bbtag:div|text_align:center\u00bb font_weight=\u00bb\u00bb][\/vc_column][\/vc_row][vc_row gap=\u00bb20&#8243;][vc_column][vc_single_image image=\u00bb1805&#8243; img_size=\u00bbfull\u00bb alignment=\u00bbcenter\u00bb][\/vc_column][\/vc_row][vc_row full_width=\u00bbstretch_row\u00bb full_height=\u00bbyes\u00bb columns_placement=\u00bbstretch\u00bb el_class=\u00bbresHistoria\u00bb][vc_column][insight_about custom_image_size=\u00bbyes\u00bb width=\u00bb20&#8243; height=\u00bb\u00bb image=\u00bb1829&#8243; title=\u00bbRESE\u00d1A HIST\u00d3RICA\u00bb carousel_images=\u00bb1690,1689,1669,1671,1676,1672,1682,1694,1678,1677&#8243;]Durante las \u00faltimas tres d\u00e9cadas, Banchis se ha dedicado a la fabricaci\u00f3n y venta de productos elaborados a partir de materias primas t\u00edpicas de la sierra y la costa ecuatoriana, como maque\u00f1o, yuca, papa y cereales.<\/p>\n<p>Nuestra dedicaci\u00f3n se centra en controlar minuciosamente los procesos para garantizar la satisfacci\u00f3n de nuestros clientes y perseguir la mejora continua.<\/p>\n<p>Estamos comprometidos en identificar oportunidades tanto en los mercados nacionales como internacionales.<\/p>\n<p>La empresa cuenta con el reconocimiento de la FDA y la UE, lo que nos permite competir de manera justa en t\u00e9rminos de precios, asegurando siempre la calidad e inocuidad de nuestros productos.<\/p>\n<p>Adem\u00e1s, mantenemos un fuerte compromiso con nuestros colaboradores y el medio ambiente.[\/insight_about][\/vc_column][\/vc_row][vc_row css=\u00bb.vc_custom_1582214382362{margin-bottom: 100px !important;}\u00bb][vc_column][vc_row_inner][vc_column_inner width=\u00bb1\/2&#8243;][insight_team_member image=\u00bb1832&#8243; name=\u00bbMISI\u00d3N\u00bb biography=\u00bbFabricar y distribuir snacks seguros, saludables y de la m\u00e1s alta calidad.\u00bb][\/vc_column_inner][vc_column_inner width=\u00bb1\/2&#8243;][insight_team_member image=\u00bb1811&#8243; name=\u00bbVISI\u00d3N\u00bb biography=\u00bbSer reconocida como la empresa l\u00edder en la producci\u00f3n y comercializaci\u00f3n de snacks seguros y saludables.\u00bb][\/vc_column_inner][\/vc_row_inner][\/vc_column][\/vc_row][vc_row full_width=\u00bbstretch_row\u00bb css=\u00bb.vc_custom_1699970247340{padding-top: 70px !important;padding-bottom: 70px !important;background-color: #f5f3f0 !important;}\u00bb][vc_column css=\u00bb.vc_custom_1474104411033{padding-top: 0px !important;}\u00bb][vc_row_inner disable_element=\u00bbyes\u00bb el_id=\u00bbrow\u00bb][vc_column_inner width=\u00bb1\/4&#8243; el_id=\u00bbhonestidad_id\u00bb][insight_our_services type=\u00bbimage\u00bb image=\u00bb1706&#8243;]Cumplir los compromisos buscando una relaci\u00f3n ganar -ganar.[\/insight_our_services][\/vc_column_inner][vc_column_inner width=\u00bb1\/4&#8243;][insight_our_services type=\u00bbimage\u00bb image=\u00bb2027&#8243;]Realizar las actividades con esfuerzo, dedicaci\u00f3n y compromiso, por un objetivo com\u00fan.[\/insight_our_services][\/vc_column_inner][vc_column_inner width=\u00bb1\/4&#8243;][insight_our_services type=\u00bbimage\u00bb image=\u00bb1704&#8243;]Cumplir las actividades eficientemente, y responder por ellas con excelencia.[\/insight_our_services][\/vc_column_inner][vc_column_inner width=\u00bb1\/4&#8243;][insight_our_services type=\u00bbimage\u00bb image=\u00bb2026&#8243;]Mejoramiento continuo de las competencias y conocimiento en el campo del desempe\u00f1o laboral y personal de acuerdo a los cambios tecnol\u00f3gicos en un mundo globalizado.[\/insight_our_services][\/vc_column_inner][\/vc_row_inner][vc_row_inner content_placement=\u00bbmiddle\u00bb][vc_column_inner width=\u00bb1\/2&#8243;][vc_column_text]<\/p>\n<h4 style=\"text-align: center;\"><strong><span class=\"s15\">CONTRIBUIMOS <\/span><span class=\"s15\">A ALCANZAR LOS <\/span><span class=\"s15\">OBJETIVOS DE DESARROLLO SOSTENIBLE<\/span><\/strong><\/h4>\n<p>[\/vc_column_text][\/vc_column_inner][vc_column_inner width=\u00bb1\/6&#8243;][vc_single_image image=\u00bb2140&#8243; img_size=\u00bbfull\u00bb][\/vc_column_inner][vc_column_inner width=\u00bb1\/6&#8243;][vc_single_image image=\u00bb2141&#8243; img_size=\u00bbfull\u00bb][\/vc_column_inner][vc_column_inner width=\u00bb1\/6&#8243;][vc_single_image image=\u00bb2142&#8243; img_size=\u00bbfull\u00bb][\/vc_column_inner][\/vc_row_inner][\/vc_column][\/vc_row]<\/p>","protected":false},"excerpt":{"rendered":"<p>[vc_row css=\u00bb.vc_custom_1477305007468{padding-top: 100px !important;}\u00bb][vc_column offset=\u00bbvc_col-lg-offset-2 vc_col-lg-8 vc_col-md-offset-0 vc_col-md-12&#8243;][insight_title separator_enable=\u00bbyes\u00bb title=\u00bb\u00bfQUI\u00c9NES SOMOS?\u00bb el_class=\u00bbtitle_content\u00bb][vc_custom_heading text=\u00bbSomos una empresa productora de alimentos, tipo snacks de pl\u00e1tano, yuca, papa y cereales. Buscamos llegar a todo el Ecuador y al Exterior con productos deliciosos, saludables, cien por ciento ecuatorianos y que aporten a una buena nutrici\u00f3n.\u00bb font_container=\u00bbtag:div|text_align:center\u00bb font_weight=\u00bb\u00bb][\/vc_column][\/vc_row][vc_row gap=\u00bb20&#8243;][vc_column][vc_single_image image=\u00bb1805&#8243; img_size=\u00bbfull\u00bb&#8230;<\/p>","protected":false},"author":1,"featured_media":0,"parent":0,"menu_order":0,"comment_status":"closed","ping_status":"closed","template":"","meta":[],"_links":{"self":[{"href":"https:\/\/banchis.com\/en\/wp-json\/wp\/v2\/pages\/583"}],"collection":[{"href":"https:\/\/banchis.com\/en\/wp-json\/wp\/v2\/pages"}],"about":[{"href":"https:\/\/banchis.com\/en\/wp-json\/wp\/v2\/types\/page"}],"author":[{"embeddable":true,"href":"https:\/\/banchis.com\/en\/wp-json\/wp\/v2\/users\/1"}],"replies":[{"embeddable":true,"href":"https:\/\/banchis.com\/en\/wp-json\/wp\/v2\/comments?post=583"}],"version-history":[{"count":59,"href":"https:\/\/banchis.com\/en\/wp-json\/wp\/v2\/pages\/583\/revisions"}],"predecessor-version":[{"id":2158,"href":"https:\/\/banchis.com\/en\/wp-json\/wp\/v2\/pages\/583\/revisions\/2158"}],"wp:attachment":[{"href":"https:\/\/banchis.com\/en\/wp-json\/wp\/v2\/media?parent=583"}],"curies":[{"name":"wp","href":"https:\/\/api.w.org\/{rel}","templated":true}]}}