{"id":1868,"date":"2020-06-30T19:34:03","date_gmt":"2020-06-30T19:34:03","guid":{"rendered":"http:\/\/banchis.com\/?page_id=1868"},"modified":"2020-08-15T06:03:54","modified_gmt":"2020-08-15T06:03:54","slug":"responsabilidad-social","status":"publish","type":"page","link":"https:\/\/banchis.com\/en\/responsabilidad-social\/","title":{"rendered":"Responsabilidad Social"},"content":{"rendered":"<p>[vc_row][vc_column][insight_title title=\u00bbRESPONSABILIDAD SOCIAL\u00bb][\/vc_column][\/vc_row][vc_row css=\u00bb.vc_custom_1593548367433{margin-top: 10px !important;}\u00bb][vc_column width=\u00bb1\/2&#8243;][vc_single_image image=\u00bb2036&#8243; img_size=\u00bbfull\u00bb alignment=\u00bbcenter\u00bb css=\u00bb.vc_custom_1597471430028{margin-top: 15px !important;}\u00bb][\/vc_column][vc_column width=\u00bb1\/2&#8243; css=\u00bb.vc_custom_1593548535876{margin-top: 80px !important;}\u00bb][vc_custom_heading text=\u00bbBanchisfood S.A. actualmente realiza donaciones mensuales a diferentes fundaciones y casas de reposo, con el fin de ayudar y mantener en su cultura organizacional un sentido altruista y de responsabilidad social.\u00bb font_container=\u00bbtag:div|text_align:left\u00bb font_weight=\u00bb\u00bb css=\u00bb.vc_custom_1593547704666{margin-top: 10px !important;}\u00bb][\/vc_column][\/vc_row][vc_row][vc_column][vc_custom_heading text=\u00bbEntre los Centros y Fundaciones m\u00e1s importantes a los que llegamos con nuestra ayuda, est\u00e1n:\u00bb font_container=\u00bbtag:h5|text_align:left\u00bb font_weight=\u00bb\u00bb][vc_column_text]<\/p>\n<ul>\n<li>Fundaci\u00f3n Antorcha de Vida (atenci\u00f3n a ni\u00f1os con capacidades especiales).<\/li>\n<li>Centro San Juan de Dios (hospital y casa de reposo).<\/li>\n<li>Fundaci\u00f3n Jonathan (ni\u00f1os y adultos mayores con discapacidades).<\/li>\n<li>Fundaci\u00f3n Ni\u00f1os con Destino (ni\u00f1os de bajos recursos).<\/li>\n<li>Centro de Referencia Conocoto MIES (personas con capacidades especiales y grupos vulnerables).<\/li>\n<li>Centro Diurno Mena II (grupos vulnerables).<\/li>\n<li>Pastoral Social C\u00e1ritas (personas de bajos recursos).<\/li>\n<\/ul>\n<p>[\/vc_column_text][\/vc_column][\/vc_row][vc_row][vc_column][vc_column_text]<div id=\"metaslider-id-1878\" style=\"width: 100%; margin: 0 auto;\" class=\"ml-slider-3-17-6 metaslider metaslider-flex metaslider-1878 ml-slider ms-theme-nivo-light has-carousel-mode has-dots-nav\">\n    <div id=\"metaslider_container_1878\">\n        <div id=\"metaslider_1878\">\n            <ul aria-live=\"polite\" class=\"slides\">\n                <li style=\"display: none; width: 100%;\" class=\"slide-1888 ms-image\"><img src=\"https:\/\/banchis.com\/wp-content\/uploads\/2012\/06\/IMG-20200601-WA0010-600x200.jpg\" height=\"200\" width=\"600\" alt=\"\" class=\"slider-1878 slide-1888\" title=\"IMG-20200601-WA0010\" \/><\/li>\n                <li style=\"display: none; width: 100%;\" class=\"slide-1889 ms-image\"><img src=\"https:\/\/banchis.com\/wp-content\/uploads\/2012\/06\/IMG-20200601-WA0005-600x200.jpg\" height=\"200\" width=\"600\" alt=\"\" class=\"slider-1878 slide-1889\" title=\"IMG-20200601-WA0005\" \/><\/li>\n                <li style=\"display: none; width: 100%;\" class=\"slide-1890 ms-image\"><img src=\"https:\/\/banchis.com\/wp-content\/uploads\/2012\/06\/IMG-20200601-WA0008-600x200.jpg\" height=\"200\" width=\"600\" alt=\"\" class=\"slider-1878 slide-1890\" title=\"IMG-20200601-WA0008\" \/><\/li>\n                <li style=\"display: none; width: 100%;\" class=\"slide-1960 ms-image\"><img src=\"https:\/\/banchis.com\/wp-content\/uploads\/2012\/06\/IMG-20200525-WA0010-600x200.jpg\" height=\"200\" width=\"600\" alt=\"\" class=\"slider-1878 slide-1960\" title=\"IMG-20200525-WA0010\" \/><\/li>\n                <li style=\"display: none; width: 100%;\" class=\"slide-1961 ms-image\"><img src=\"https:\/\/banchis.com\/wp-content\/uploads\/2012\/06\/IMG-20200525-WA0011-600x200.jpg\" height=\"200\" width=\"600\" alt=\"\" class=\"slider-1878 slide-1961\" title=\"IMG-20200525-WA0011\" \/><\/li>\n                <li style=\"display: none; width: 100%;\" class=\"slide-1962 ms-image\"><img src=\"https:\/\/banchis.com\/wp-content\/uploads\/2012\/06\/IMG-20200601-WA0005-1-600x200.jpg\" height=\"200\" width=\"600\" alt=\"\" class=\"slider-1878 slide-1962\" title=\"IMG-20200601-WA0005\" \/><\/li>\n                <li style=\"display: none; width: 100%;\" class=\"slide-1963 ms-image\"><img src=\"https:\/\/banchis.com\/wp-content\/uploads\/2012\/06\/IMG-20200601-WA0006-1-600x200.jpg\" height=\"200\" width=\"600\" alt=\"\" class=\"slider-1878 slide-1963\" title=\"IMG-20200601-WA0006\" \/><\/li>\n                <li style=\"display: none; width: 100%;\" class=\"slide-1964 ms-image\"><img src=\"https:\/\/banchis.com\/wp-content\/uploads\/2012\/06\/IMG-20200601-WA0007-1-600x200.jpg\" height=\"200\" width=\"600\" alt=\"\" class=\"slider-1878 slide-1964\" title=\"IMG-20200601-WA0007\" \/><\/li>\n                <li style=\"display: none; width: 100%;\" class=\"slide-1965 ms-image\"><img src=\"https:\/\/banchis.com\/wp-content\/uploads\/2012\/06\/IMG-20200601-WA0008-1-600x200.jpg\" height=\"200\" width=\"600\" alt=\"\" class=\"slider-1878 slide-1965\" title=\"IMG-20200601-WA0008\" \/><\/li>\n                <li style=\"display: none; width: 100%;\" class=\"slide-1966 ms-image\"><img src=\"https:\/\/banchis.com\/wp-content\/uploads\/2012\/06\/IMG-20200601-WA0009-1-600x200.jpg\" height=\"200\" width=\"600\" alt=\"\" class=\"slider-1878 slide-1966\" title=\"IMG-20200601-WA0009\" \/><\/li>\n                <li style=\"display: none; width: 100%;\" class=\"slide-1967 ms-image\"><img src=\"https:\/\/banchis.com\/wp-content\/uploads\/2012\/06\/IMG-20200601-WA0010-1-600x200.jpg\" height=\"200\" width=\"600\" alt=\"\" class=\"slider-1878 slide-1967\" title=\"IMG-20200601-WA0010\" \/><\/li>\n                <li style=\"display: none; width: 100%;\" class=\"slide-1968 ms-image\"><img src=\"https:\/\/banchis.com\/wp-content\/uploads\/2012\/06\/IMG-20200601-WA0011-600x200.jpg\" height=\"200\" width=\"600\" alt=\"\" class=\"slider-1878 slide-1968\" title=\"IMG-20200601-WA0011\" \/><\/li>\n                <li style=\"display: none; width: 100%;\" class=\"slide-1969 ms-image\"><img src=\"https:\/\/banchis.com\/wp-content\/uploads\/2012\/06\/IMG-20200601-WA0012-600x200.jpg\" height=\"200\" width=\"600\" alt=\"\" class=\"slider-1878 slide-1969\" title=\"IMG-20200601-WA0012\" \/><\/li>\n                <li style=\"display: none; width: 100%;\" class=\"slide-1970 ms-image\"><img src=\"https:\/\/banchis.com\/wp-content\/uploads\/2012\/06\/IMG-20200601-WA0013-600x200.jpg\" height=\"200\" width=\"600\" alt=\"\" class=\"slider-1878 slide-1970\" title=\"IMG-20200601-WA0013\" \/><\/li>\n                <li style=\"display: none; width: 100%;\" class=\"slide-1971 ms-image\"><img src=\"https:\/\/banchis.com\/wp-content\/uploads\/2012\/06\/IMG-20200601-WA0014-600x200.jpg\" height=\"200\" width=\"600\" alt=\"\" class=\"slider-1878 slide-1971\" title=\"IMG-20200601-WA0014\" \/><\/li>\n                <li style=\"display: none; width: 100%;\" class=\"slide-1972 ms-image\"><img src=\"https:\/\/banchis.com\/wp-content\/uploads\/2012\/06\/IMG-20200601-WA0015-600x200.jpg\" height=\"200\" width=\"600\" alt=\"\" class=\"slider-1878 slide-1972\" title=\"IMG-20200601-WA0015\" \/><\/li>\n                <li style=\"display: none; width: 100%;\" class=\"slide-1973 ms-image\"><img src=\"https:\/\/banchis.com\/wp-content\/uploads\/2012\/06\/IMG-20200601-WA0016-600x200.jpg\" height=\"200\" width=\"600\" alt=\"\" class=\"slider-1878 slide-1973\" title=\"IMG-20200601-WA0016\" \/><\/li>\n                <li style=\"display: none; width: 100%;\" class=\"slide-1974 ms-image\"><img src=\"https:\/\/banchis.com\/wp-content\/uploads\/2012\/06\/IMG-20200601-WA0017-600x200.jpg\" height=\"200\" width=\"600\" alt=\"\" class=\"slider-1878 slide-1974\" title=\"IMG-20200601-WA0017\" \/><\/li>\n                <li style=\"display: none; width: 100%;\" class=\"slide-1975 ms-image\"><img src=\"https:\/\/banchis.com\/wp-content\/uploads\/2012\/06\/IMG-20200601-WA0018-600x200.jpg\" height=\"200\" width=\"600\" alt=\"\" class=\"slider-1878 slide-1975\" title=\"IMG-20200601-WA0018\" \/><\/li>\n                <li style=\"display: none; width: 100%;\" class=\"slide-1976 ms-image\"><img src=\"https:\/\/banchis.com\/wp-content\/uploads\/2012\/06\/IMG-20200601-WA0019-600x200.jpg\" height=\"200\" width=\"600\" alt=\"\" class=\"slider-1878 slide-1976\" title=\"IMG-20200601-WA0019\" \/><\/li>\n                <li style=\"display: none; width: 100%;\" class=\"slide-1977 ms-image\"><img src=\"https:\/\/banchis.com\/wp-content\/uploads\/2012\/06\/IMG-20200601-WA0020-600x200.jpg\" height=\"200\" width=\"600\" alt=\"\" class=\"slider-1878 slide-1977\" title=\"IMG-20200601-WA0020\" \/><\/li>\n                <li style=\"display: none; width: 100%;\" class=\"slide-1978 ms-image\"><img src=\"https:\/\/banchis.com\/wp-content\/uploads\/2012\/06\/IMG-20200601-WA0021-600x200.jpg\" height=\"200\" width=\"600\" alt=\"\" class=\"slider-1878 slide-1978\" title=\"IMG-20200601-WA0021\" \/><\/li>\n                <li style=\"display: none; width: 100%;\" class=\"slide-1979 ms-image\"><img src=\"https:\/\/banchis.com\/wp-content\/uploads\/2012\/06\/IMG-20200603-WA0003-600x200.jpg\" height=\"200\" width=\"600\" alt=\"\" class=\"slider-1878 slide-1979\" title=\"IMG-20200603-WA0003\" \/><\/li>\n                <li style=\"display: none; width: 100%;\" class=\"slide-1980 ms-image\"><img src=\"https:\/\/banchis.com\/wp-content\/uploads\/2012\/06\/IMG-20200603-WA0004-600x200.jpg\" height=\"200\" width=\"600\" alt=\"\" class=\"slider-1878 slide-1980\" title=\"IMG-20200603-WA0004\" \/><\/li>\n            <\/ul>\n        <\/div>\n        \n    <\/div>\n<\/div>[\/vc_column_text][\/vc_column][\/vc_row]<\/p>","protected":false},"excerpt":{"rendered":"<p>[vc_row][vc_column][insight_title title=\u00bbRESPONSABILIDAD SOCIAL\u00bb][\/vc_column][\/vc_row][vc_row css=\u00bb.vc_custom_1593548367433{margin-top: 10px !important;}\u00bb][vc_column width=\u00bb1\/2&#8243;][vc_single_image image=\u00bb2036&#8243; img_size=\u00bbfull\u00bb alignment=\u00bbcenter\u00bb css=\u00bb.vc_custom_1597471430028{margin-top: 15px !important;}\u00bb][\/vc_column][vc_column width=\u00bb1\/2&#8243; css=\u00bb.vc_custom_1593548535876{margin-top: 80px !important;}\u00bb][vc_custom_heading text=\u00bbBanchisfood S.A. actualmente realiza donaciones mensuales a diferentes fundaciones y casas de reposo, con el fin de ayudar y mantener en su cultura organizacional un sentido altruista y de responsabilidad social.\u00bb font_container=\u00bbtag:div|text_align:left\u00bb font_weight=\u00bb\u00bb css=\u00bb.vc_custom_1593547704666{margin-top: 10px !important;}\u00bb][\/vc_column][\/vc_row][vc_row][vc_column][vc_custom_heading text=\u00bbEntre los&#8230;<\/p>","protected":false},"author":1,"featured_media":0,"parent":0,"menu_order":0,"comment_status":"closed","ping_status":"closed","template":"","meta":[],"_links":{"self":[{"href":"https:\/\/banchis.com\/en\/wp-json\/wp\/v2\/pages\/1868"}],"collection":[{"href":"https:\/\/banchis.com\/en\/wp-json\/wp\/v2\/pages"}],"about":[{"href":"https:\/\/banchis.com\/en\/wp-json\/wp\/v2\/types\/page"}],"author":[{"embeddable":true,"href":"https:\/\/banchis.com\/en\/wp-json\/wp\/v2\/users\/1"}],"replies":[{"embeddable":true,"href":"https:\/\/banchis.com\/en\/wp-json\/wp\/v2\/comments?post=1868"}],"version-history":[{"count":8,"href":"https:\/\/banchis.com\/en\/wp-json\/wp\/v2\/pages\/1868\/revisions"}],"predecessor-version":[{"id":2038,"href":"https:\/\/banchis.com\/en\/wp-json\/wp\/v2\/pages\/1868\/revisions\/2038"}],"wp:attachment":[{"href":"https:\/\/banchis.com\/en\/wp-json\/wp\/v2\/media?parent=1868"}],"curies":[{"name":"wp","href":"https:\/\/api.w.org\/{rel}","templated":true}]}}